{"id":11,"date":"2023-05-07T21:45:13","date_gmt":"2023-05-07T21:45:13","guid":{"rendered":"https:\/\/sociosdabeleza.com\/socio\/?page_id=11"},"modified":"2026-02-14T22:44:16","modified_gmt":"2026-02-14T22:44:16","slug":"parceiro","status":"publish","type":"page","link":"https:\/\/sociosdabeleza.com\/socio\/","title":{"rendered":"sejasocio"},"content":{"rendered":"\t\t<div data-elementor-type=\"wp-page\" data-elementor-id=\"11\" class=\"elementor elementor-11\">\n\t\t\t\t\t\t<section class=\"elementor-section elementor-top-section elementor-element elementor-element-3c690edb elementor-section-height-min-height elementor-section-boxed elementor-section-height-default elementor-section-items-middle\" data-id=\"3c690edb\" data-element_type=\"section\" data-settings=\"{&quot;background_background&quot;:&quot;classic&quot;}\">\n\t\t\t\t\t\t<div class=\"elementor-container elementor-column-gap-default\">\n\t\t\t\t\t<div class=\"elementor-column elementor-col-100 elementor-top-column elementor-element elementor-element-747bf4b9\" data-id=\"747bf4b9\" data-element_type=\"column\">\n\t\t\t<div class=\"elementor-widget-wrap elementor-element-populated\">\n\t\t\t\t\t\t<div class=\"elementor-element elementor-element-4d793686 elementor-widget-tablet__width-initial elementor-widget elementor-widget-image\" data-id=\"4d793686\" data-element_type=\"widget\" data-widget_type=\"image.default\">\n\t\t\t\t<div class=\"elementor-widget-container\">\n\t\t\t\t\t\t\t\t\t\t\t\t\t\t\t<img decoding=\"async\" width=\"328\" height=\"108\" src=\"https:\/\/sociosdabeleza.com\/socio\/wp-content\/uploads\/2023\/05\/01_Logo-2.png\" class=\"attachment-large size-large wp-image-15\" alt=\"\" srcset=\"https:\/\/sociosdabeleza.com\/socio\/wp-content\/uploads\/2023\/05\/01_Logo-2.png 328w, https:\/\/sociosdabeleza.com\/socio\/wp-content\/uploads\/2023\/05\/01_Logo-2-300x99.png 300w\" sizes=\"(max-width: 328px) 100vw, 328px\" \/>\t\t\t\t\t\t\t\t\t\t\t\t\t\t\t<\/div>\n\t\t\t\t<\/div>\n\t\t\t\t<div class=\"elementor-element elementor-element-7d7a1131 elementor-widget-tablet__width-initial elementor-widget elementor-widget-heading\" data-id=\"7d7a1131\" data-element_type=\"widget\" data-widget_type=\"heading.default\">\n\t\t\t\t<div class=\"elementor-widget-container\">\n\t\t\t\t\t<h1 class=\"elementor-heading-title elementor-size-default\">Seja um s\u00f3cio do Club de Vantagens S\u00f3cios da Beleza e desfrute das vantagens que o Club Oferece.<\/h1>\t\t\t\t<\/div>\n\t\t\t\t<\/div>\n\t\t\t\t<div class=\"elementor-element elementor-element-712a3c32 elementor-widget elementor-widget-text-editor\" data-id=\"712a3c32\" data-element_type=\"widget\" data-widget_type=\"text-editor.default\">\n\t\t\t\t<div class=\"elementor-widget-container\">\n\t\t\t\t\t\t\t\t\t<p>Ao se associar ao Club, voc\u00ea tem descontos, participa de promo\u00e7\u00f5es e sorteios e ainda ganha cashbacks ao indicar novos s\u00f3cios.\u00a0\u00a0<\/p>\t\t\t\t\t\t\t\t<\/div>\n\t\t\t\t<\/div>\n\t\t\t\t<div class=\"elementor-element elementor-element-7801469f elementor-align-center elementor-mobile-align-center elementor-widget elementor-widget-button\" data-id=\"7801469f\" data-element_type=\"widget\" data-widget_type=\"button.default\">\n\t\t\t\t<div class=\"elementor-widget-container\">\n\t\t\t\t\t\t\t\t\t<div class=\"elementor-button-wrapper\">\n\t\t\t\t\t<a class=\"elementor-button elementor-button-link elementor-size-sm\" href=\"https:\/\/sociosdabeleza.com\/cadastro.php\">\n\t\t\t\t\t\t<span class=\"elementor-button-content-wrapper\">\n\t\t\t\t\t\t\t\t\t<span class=\"elementor-button-text\">Associe-se j\u00e1!<\/span>\n\t\t\t\t\t<\/span>\n\t\t\t\t\t<\/a>\n\t\t\t\t<\/div>\n\t\t\t\t\t\t\t\t<\/div>\n\t\t\t\t<\/div>\n\t\t\t\t\t<\/div>\n\t\t<\/div>\n\t\t\t\t\t<\/div>\n\t\t<\/section>\n\t\t\t\t<section class=\"elementor-section elementor-top-section elementor-element elementor-element-67710079 elementor-section-boxed elementor-section-height-default elementor-section-height-default\" data-id=\"67710079\" data-element_type=\"section\" data-settings=\"{&quot;background_background&quot;:&quot;classic&quot;}\">\n\t\t\t\t\t\t<div class=\"elementor-container elementor-column-gap-default\">\n\t\t\t\t\t<div class=\"elementor-column elementor-col-100 elementor-top-column elementor-element elementor-element-5c4b7806\" data-id=\"5c4b7806\" data-element_type=\"column\">\n\t\t\t<div class=\"elementor-widget-wrap elementor-element-populated\">\n\t\t\t\t\t\t<div class=\"elementor-element elementor-element-61e4cdb2 elementor-widget elementor-widget-heading\" data-id=\"61e4cdb2\" data-element_type=\"widget\" data-widget_type=\"heading.default\">\n\t\t\t\t<div class=\"elementor-widget-container\">\n\t\t\t\t\t<h2 class=\"elementor-heading-title elementor-size-default\">Vantagens <\/h2>\t\t\t\t<\/div>\n\t\t\t\t<\/div>\n\t\t\t\t<section class=\"elementor-section elementor-inner-section elementor-element elementor-element-11e146b6 elementor-section-boxed elementor-section-height-default elementor-section-height-default\" data-id=\"11e146b6\" data-element_type=\"section\">\n\t\t\t\t\t\t<div class=\"elementor-container elementor-column-gap-default\">\n\t\t\t\t\t<div class=\"elementor-column elementor-col-25 elementor-inner-column elementor-element elementor-element-2145ed61\" data-id=\"2145ed61\" data-element_type=\"column\">\n\t\t\t<div class=\"elementor-widget-wrap elementor-element-populated\">\n\t\t\t\t\t\t<div class=\"elementor-element elementor-element-2891b85a elementor-widget elementor-widget-premium-addon-banner\" data-id=\"2891b85a\" data-element_type=\"widget\" data-widget_type=\"premium-addon-banner.default\">\n\t\t\t\t<div class=\"elementor-widget-container\">\n\t\t\t\t\t\t\t<div class=\"premium-banner-ib premium-banner-min-height premium-banner-animation1 none active\">\n\t\t\t\t\t\t\t\t\t\t<img fetchpriority=\"high\" decoding=\"async\" width=\"333\" height=\"378\" src=\"https:\/\/sociosdabeleza.com\/socio\/wp-content\/uploads\/2023\/05\/02_Alavancar-2.jpg\" class=\"attachment-full size-full wp-image-23\" alt=\"\" srcset=\"https:\/\/sociosdabeleza.com\/socio\/wp-content\/uploads\/2023\/05\/02_Alavancar-2.jpg 333w, https:\/\/sociosdabeleza.com\/socio\/wp-content\/uploads\/2023\/05\/02_Alavancar-2-264x300.jpg 264w\" sizes=\"(max-width: 333px) 100vw, 333px\" \/>\t\t\t\t\t\t\t\t\t<div class=\"premium-banner-ib-desc\">\n\t\t\t\t\t\t\t\t\t<h3 class=\"premium-banner-ib-title premium_banner_title\"><\/h3>\t\t\t\t\t\t<div class=\"premium-banner-ib-content premium_banner_content\">\n\t\t\t\t\t\t\t<p>Uma rede de profissionais para lhe atender&nbsp;<\/p>\t\t\t\t\t\t<\/div>\n\t\t\t\t\t\t\t\t\t\t\t\t\t\t\t\t\t<\/div>\n\t\t\t\t\t<\/div>\n\n\t\t\t\t\t\t<\/div>\n\t\t\t\t<\/div>\n\t\t\t\t\t<\/div>\n\t\t<\/div>\n\t\t\t\t<div class=\"elementor-column elementor-col-25 elementor-inner-column elementor-element elementor-element-22a47600\" data-id=\"22a47600\" data-element_type=\"column\">\n\t\t\t<div class=\"elementor-widget-wrap elementor-element-populated\">\n\t\t\t\t\t\t<div class=\"elementor-element elementor-element-18ef0bc8 elementor-widget elementor-widget-premium-addon-banner\" data-id=\"18ef0bc8\" data-element_type=\"widget\" data-widget_type=\"premium-addon-banner.default\">\n\t\t\t\t<div class=\"elementor-widget-container\">\n\t\t\t\t\t\t\t<div class=\"premium-banner-ib premium-banner-min-height premium-banner-animation1 none active\">\n\t\t\t\t\t\t\t\t\t\t<img decoding=\"async\" width=\"333\" height=\"378\" src=\"https:\/\/sociosdabeleza.com\/socio\/wp-content\/uploads\/2023\/05\/03_Produtos-exclusivos-2.jpg\" class=\"attachment-full size-full wp-image-24\" alt=\"\" srcset=\"https:\/\/sociosdabeleza.com\/socio\/wp-content\/uploads\/2023\/05\/03_Produtos-exclusivos-2.jpg 333w, https:\/\/sociosdabeleza.com\/socio\/wp-content\/uploads\/2023\/05\/03_Produtos-exclusivos-2-264x300.jpg 264w\" sizes=\"(max-width: 333px) 100vw, 333px\" \/>\t\t\t\t\t\t\t\t\t<div class=\"premium-banner-ib-desc\">\n\t\t\t\t\t\t\t\t\t<h3 class=\"premium-banner-ib-title premium_banner_title\"><\/h3>\t\t\t\t\t\t<div class=\"premium-banner-ib-content premium_banner_content\">\n\t\t\t\t\t\t\t<p>Produtos com pre\u00e7os exclusivos para S\u00f3cios.<\/p>\t\t\t\t\t\t<\/div>\n\t\t\t\t\t\t\t\t\t\t\t\t\t\t\t\t\t<\/div>\n\t\t\t\t\t<\/div>\n\n\t\t\t\t\t\t<\/div>\n\t\t\t\t<\/div>\n\t\t\t\t\t<\/div>\n\t\t<\/div>\n\t\t\t\t<div class=\"elementor-column elementor-col-25 elementor-inner-column elementor-element elementor-element-6e8b3288\" data-id=\"6e8b3288\" data-element_type=\"column\">\n\t\t\t<div class=\"elementor-widget-wrap elementor-element-populated\">\n\t\t\t\t\t\t<div class=\"elementor-element elementor-element-a60c18e elementor-widget elementor-widget-premium-addon-banner\" data-id=\"a60c18e\" data-element_type=\"widget\" data-widget_type=\"premium-addon-banner.default\">\n\t\t\t\t<div class=\"elementor-widget-container\">\n\t\t\t\t\t\t\t<div class=\"premium-banner-ib premium-banner-min-height premium-banner-animation1 none active\">\n\t\t\t\t\t\t\t\t\t\t<img loading=\"lazy\" decoding=\"async\" width=\"333\" height=\"378\" src=\"https:\/\/sociosdabeleza.com\/socio\/wp-content\/uploads\/2023\/05\/04_Fidelizacao-2.jpg\" class=\"attachment-full size-full wp-image-25\" alt=\"\" srcset=\"https:\/\/sociosdabeleza.com\/socio\/wp-content\/uploads\/2023\/05\/04_Fidelizacao-2.jpg 333w, https:\/\/sociosdabeleza.com\/socio\/wp-content\/uploads\/2023\/05\/04_Fidelizacao-2-264x300.jpg 264w\" sizes=\"(max-width: 333px) 100vw, 333px\" \/>\t\t\t\t\t\t\t\t\t<div class=\"premium-banner-ib-desc\">\n\t\t\t\t\t\t\t\t\t<h3 class=\"premium-banner-ib-title premium_banner_title\"><\/h3>\t\t\t\t\t\t<div class=\"premium-banner-ib-content premium_banner_content\">\n\t\t\t\t\t\t\t<p>Pague seus servi\u00e7os de beleza com Cashback&nbsp;<\/p>\t\t\t\t\t\t<\/div>\n\t\t\t\t\t\t\t\t\t\t\t\t\t\t\t\t\t<\/div>\n\t\t\t\t\t<\/div>\n\n\t\t\t\t\t\t<\/div>\n\t\t\t\t<\/div>\n\t\t\t\t\t<\/div>\n\t\t<\/div>\n\t\t\t\t<div class=\"elementor-column elementor-col-25 elementor-inner-column elementor-element elementor-element-76d28b37\" data-id=\"76d28b37\" data-element_type=\"column\">\n\t\t\t<div class=\"elementor-widget-wrap elementor-element-populated\">\n\t\t\t\t\t\t<div class=\"elementor-element elementor-element-3de1c564 elementor-widget elementor-widget-premium-addon-banner\" data-id=\"3de1c564\" data-element_type=\"widget\" data-widget_type=\"premium-addon-banner.default\">\n\t\t\t\t<div class=\"elementor-widget-container\">\n\t\t\t\t\t\t\t<div class=\"premium-banner-ib premium-banner-min-height premium-banner-animation1 none active\">\n\t\t\t\t\t\t\t\t\t\t<img loading=\"lazy\" decoding=\"async\" width=\"333\" height=\"378\" src=\"https:\/\/sociosdabeleza.com\/socio\/wp-content\/uploads\/2023\/05\/05_Markeitng-2.jpg\" class=\"attachment-full size-full wp-image-26\" alt=\"\" srcset=\"https:\/\/sociosdabeleza.com\/socio\/wp-content\/uploads\/2023\/05\/05_Markeitng-2.jpg 333w, https:\/\/sociosdabeleza.com\/socio\/wp-content\/uploads\/2023\/05\/05_Markeitng-2-264x300.jpg 264w\" sizes=\"(max-width: 333px) 100vw, 333px\" \/>\t\t\t\t\t\t\t\t\t<div class=\"premium-banner-ib-desc\">\n\t\t\t\t\t\t\t\t\t<h3 class=\"premium-banner-ib-title premium_banner_title\"><\/h3>\t\t\t\t\t\t<div class=\"premium-banner-ib-content premium_banner_content\">\n\t\t\t\t\t\t\t<p>Venha para o Club de Vantagens S\u00f3cios da Beleza<\/p>\t\t\t\t\t\t<\/div>\n\t\t\t\t\t\t\t\t\t\t\t\t\t\t\t\t\t<\/div>\n\t\t\t\t\t<\/div>\n\n\t\t\t\t\t\t<\/div>\n\t\t\t\t<\/div>\n\t\t\t\t\t<\/div>\n\t\t<\/div>\n\t\t\t\t\t<\/div>\n\t\t<\/section>\n\t\t\t\t<div class=\"elementor-element elementor-element-57e2b72e elementor-align-center elementor-tablet-align-center elementor-mobile-align-center elementor-widget elementor-widget-button\" data-id=\"57e2b72e\" data-element_type=\"widget\" data-widget_type=\"button.default\">\n\t\t\t\t<div class=\"elementor-widget-container\">\n\t\t\t\t\t\t\t\t\t<div class=\"elementor-button-wrapper\">\n\t\t\t\t\t<a class=\"elementor-button elementor-button-link elementor-size-sm\" href=\"https:\/\/sociosdabeleza.com\/cadastro.php\">\n\t\t\t\t\t\t<span class=\"elementor-button-content-wrapper\">\n\t\t\t\t\t\t\t\t\t<span class=\"elementor-button-text\">Associe-se j\u00e1!<\/span>\n\t\t\t\t\t<\/span>\n\t\t\t\t\t<\/a>\n\t\t\t\t<\/div>\n\t\t\t\t\t\t\t\t<\/div>\n\t\t\t\t<\/div>\n\t\t\t\t\t<\/div>\n\t\t<\/div>\n\t\t\t\t\t<\/div>\n\t\t<\/section>\n\t\t\t\t<section class=\"elementor-section elementor-top-section elementor-element elementor-element-1c81e855 elementor-section-height-min-height elementor-reverse-mobile elementor-section-boxed elementor-section-height-default elementor-section-items-middle\" data-id=\"1c81e855\" data-element_type=\"section\" data-settings=\"{&quot;background_background&quot;:&quot;classic&quot;}\">\n\t\t\t\t\t\t<div class=\"elementor-container elementor-column-gap-default\">\n\t\t\t\t\t<div class=\"elementor-column elementor-col-50 elementor-top-column elementor-element elementor-element-249729a5\" data-id=\"249729a5\" data-element_type=\"column\">\n\t\t\t<div class=\"elementor-widget-wrap elementor-element-populated\">\n\t\t\t\t\t\t<div class=\"elementor-element elementor-element-777d60bc elementor-absolute elementor-widget elementor-widget-image\" data-id=\"777d60bc\" data-element_type=\"widget\" data-settings=\"{&quot;_position&quot;:&quot;absolute&quot;}\" data-widget_type=\"image.default\">\n\t\t\t\t<div class=\"elementor-widget-container\">\n\t\t\t\t\t\t\t\t\t\t\t\t\t\t\t<img loading=\"lazy\" decoding=\"async\" width=\"266\" height=\"300\" src=\"https:\/\/sociosdabeleza.com\/socio\/wp-content\/uploads\/2023\/05\/08_Proprietaria-2-266x300.jpg\" class=\"attachment-medium size-medium wp-image-31\" alt=\"\" srcset=\"https:\/\/sociosdabeleza.com\/socio\/wp-content\/uploads\/2023\/05\/08_Proprietaria-2-266x300.jpg 266w, https:\/\/sociosdabeleza.com\/socio\/wp-content\/uploads\/2023\/05\/08_Proprietaria-2.jpg 313w\" sizes=\"(max-width: 266px) 100vw, 266px\" \/>\t\t\t\t\t\t\t\t\t\t\t\t\t\t\t<\/div>\n\t\t\t\t<\/div>\n\t\t\t\t<div class=\"elementor-element elementor-element-31826913 elementor-absolute elementor-widget elementor-widget-image\" data-id=\"31826913\" data-element_type=\"widget\" data-settings=\"{&quot;_position&quot;:&quot;absolute&quot;}\" data-widget_type=\"image.default\">\n\t\t\t\t<div class=\"elementor-widget-container\">\n\t\t\t\t\t\t\t\t\t\t\t\t\t\t\t<img loading=\"lazy\" decoding=\"async\" width=\"269\" height=\"258\" src=\"https:\/\/sociosdabeleza.com\/socio\/wp-content\/uploads\/2023\/05\/07_manicure-2.jpg\" class=\"attachment-large size-large wp-image-32\" alt=\"\" \/>\t\t\t\t\t\t\t\t\t\t\t\t\t\t\t<\/div>\n\t\t\t\t<\/div>\n\t\t\t\t<div class=\"elementor-element elementor-element-7fb3954a elementor-absolute elementor-widget elementor-widget-image\" data-id=\"7fb3954a\" data-element_type=\"widget\" data-settings=\"{&quot;_position&quot;:&quot;absolute&quot;}\" data-widget_type=\"image.default\">\n\t\t\t\t<div class=\"elementor-widget-container\">\n\t\t\t\t\t\t\t\t\t\t\t\t<figure class=\"wp-caption\">\n\t\t\t\t\t\t\t\t\t\t<img loading=\"lazy\" decoding=\"async\" width=\"219\" height=\"278\" src=\"https:\/\/sociosdabeleza.com\/socio\/wp-content\/uploads\/2023\/05\/06_Estudio-2.jpg\" class=\"attachment-full size-full wp-image-33\" alt=\"\" \/>\t\t\t\t\t\t\t\t\t\t\t<figcaption class=\"widget-image-caption wp-caption-text\">Tenha os seus pr\u00f3prios clientes<\/figcaption>\n\t\t\t\t\t\t\t\t\t\t<\/figure>\n\t\t\t\t\t\t\t\t\t<\/div>\n\t\t\t\t<\/div>\n\t\t\t\t\t<\/div>\n\t\t<\/div>\n\t\t\t\t<div class=\"elementor-column elementor-col-50 elementor-top-column elementor-element elementor-element-767d712\" data-id=\"767d712\" data-element_type=\"column\">\n\t\t\t<div class=\"elementor-widget-wrap elementor-element-populated\">\n\t\t\t\t\t\t<div class=\"elementor-element elementor-element-41bd40fc elementor-widget elementor-widget-heading\" data-id=\"41bd40fc\" data-element_type=\"widget\" data-widget_type=\"heading.default\">\n\t\t\t\t<div class=\"elementor-widget-container\">\n\t\t\t\t\t<h2 class=\"elementor-heading-title elementor-size-default\">Ades\u00e3o<\/h2>\t\t\t\t<\/div>\n\t\t\t\t<\/div>\n\t\t\t\t<div class=\"elementor-element elementor-element-b48f8c4 elementor-widget elementor-widget-text-editor\" data-id=\"b48f8c4\" data-element_type=\"widget\" data-widget_type=\"text-editor.default\">\n\t\t\t\t<div class=\"elementor-widget-container\">\n\t\t\t\t\t\t\t\t\t<p>Com apenas R$ 10,00 mensal no plano anual, voc\u00ea participa de um mundo de vantagens. N\u00e3o fique de fora&nbsp;<\/p>\t\t\t\t\t\t\t\t<\/div>\n\t\t\t\t<\/div>\n\t\t\t\t<div class=\"elementor-element elementor-element-a43234a elementor-align-center elementor-tablet-align-center elementor-mobile-align-center elementor-widget elementor-widget-button\" data-id=\"a43234a\" data-element_type=\"widget\" data-widget_type=\"button.default\">\n\t\t\t\t<div class=\"elementor-widget-container\">\n\t\t\t\t\t\t\t\t\t<div class=\"elementor-button-wrapper\">\n\t\t\t\t\t<a class=\"elementor-button elementor-button-link elementor-size-sm\" href=\"https:\/\/sociosdabeleza.com\/cadastro.php\">\n\t\t\t\t\t\t<span class=\"elementor-button-content-wrapper\">\n\t\t\t\t\t\t\t\t\t<span class=\"elementor-button-text\">Associe-se j\u00e1!<\/span>\n\t\t\t\t\t<\/span>\n\t\t\t\t\t<\/a>\n\t\t\t\t<\/div>\n\t\t\t\t\t\t\t\t<\/div>\n\t\t\t\t<\/div>\n\t\t\t\t\t<\/div>\n\t\t<\/div>\n\t\t\t\t\t<\/div>\n\t\t<\/section>\n\t\t<div class=\"elementor-element elementor-element-6e2923a3 e-flex e-con-boxed e-con e-parent\" data-id=\"6e2923a3\" data-element_type=\"container\" data-settings=\"{&quot;background_background&quot;:&quot;classic&quot;}\">\n\t\t\t\t\t<div class=\"e-con-inner\">\n\t\t\t\t<div class=\"elementor-element elementor-element-2cca9cd0 elementor-widget elementor-widget-heading\" data-id=\"2cca9cd0\" data-element_type=\"widget\" data-widget_type=\"heading.default\">\n\t\t\t\t<div class=\"elementor-widget-container\">\n\t\t\t\t\t<h2 class=\"elementor-heading-title elementor-size-default\">A oportunidade que voc\u00ea esperava para utilizar seus produtos e servi\u00e7os de beleza e bem-estar de gra\u00e7a. Venha para Club de Vantagens  S\u00f3cios da Beleza. <br>\nVoc\u00ea vai ficar de fora?<\/h2>\t\t\t\t<\/div>\n\t\t\t\t<\/div>\n\t\t\t\t<div class=\"elementor-element elementor-element-38054756 elementor-widget elementor-widget-heading\" data-id=\"38054756\" data-element_type=\"widget\" data-widget_type=\"heading.default\">\n\t\t\t\t<div class=\"elementor-widget-container\">\n\t\t\t\t\t<h4 class=\"elementor-heading-title elementor-size-default\">Associe-se agora mesmo!\n<br>\nTenha um mundo de vantagens <\/h4>\t\t\t\t<\/div>\n\t\t\t\t<\/div>\n\t\t\t\t<div class=\"elementor-element elementor-element-1bc6449b elementor-align-center elementor-tablet-align-center elementor-mobile-align-center elementor-widget elementor-widget-button\" data-id=\"1bc6449b\" data-element_type=\"widget\" data-widget_type=\"button.default\">\n\t\t\t\t<div class=\"elementor-widget-container\">\n\t\t\t\t\t\t\t\t\t<div class=\"elementor-button-wrapper\">\n\t\t\t\t\t<a class=\"elementor-button elementor-button-link elementor-size-sm\" href=\"https:\/\/sociosdabeleza.com\/cadastro.php\">\n\t\t\t\t\t\t<span class=\"elementor-button-content-wrapper\">\n\t\t\t\t\t\t\t\t\t<span class=\"elementor-button-text\">Associe-se j\u00e1!<\/span>\n\t\t\t\t\t<\/span>\n\t\t\t\t\t<\/a>\n\t\t\t\t<\/div>\n\t\t\t\t\t\t\t\t<\/div>\n\t\t\t\t<\/div>\n\t\t\t\t\t<\/div>\n\t\t\t\t<\/div>\n\t\t<div class=\"elementor-element elementor-element-7877cdd8 e-flex e-con-boxed e-con e-parent\" data-id=\"7877cdd8\" data-element_type=\"container\" data-settings=\"{&quot;background_background&quot;:&quot;classic&quot;}\">\n\t\t\t\t\t<div class=\"e-con-inner\">\n\t\t<div class=\"elementor-element elementor-element-372bac29 e-con-full e-flex e-con e-child\" data-id=\"372bac29\" data-element_type=\"container\">\n\t\t\t\t<div class=\"elementor-element elementor-element-2f2b219a elementor-widget elementor-widget-image\" data-id=\"2f2b219a\" data-element_type=\"widget\" data-widget_type=\"image.default\">\n\t\t\t\t<div class=\"elementor-widget-container\">\n\t\t\t\t\t\t\t\t\t\t\t\t\t\t\t<img loading=\"lazy\" decoding=\"async\" width=\"179\" height=\"59\" src=\"https:\/\/sociosdabeleza.com\/socio\/wp-content\/uploads\/2023\/05\/09_Logo-2.png\" class=\"attachment-large size-large wp-image-41\" alt=\"\" \/>\t\t\t\t\t\t\t\t\t\t\t\t\t\t\t<\/div>\n\t\t\t\t<\/div>\n\t\t\t\t<\/div>\n\t\t<div class=\"elementor-element elementor-element-22b3baab e-con-full e-flex e-con e-child\" data-id=\"22b3baab\" data-element_type=\"container\">\n\t\t\t\t<div class=\"elementor-element elementor-element-c1e6a60 e-grid-align-right elementor-shape-rounded elementor-grid-0 elementor-widget elementor-widget-social-icons\" data-id=\"c1e6a60\" data-element_type=\"widget\" data-widget_type=\"social-icons.default\">\n\t\t\t\t<div class=\"elementor-widget-container\">\n\t\t\t\t\t\t\t<div class=\"elementor-social-icons-wrapper elementor-grid\" role=\"list\">\n\t\t\t\t\t\t\t<span class=\"elementor-grid-item\" role=\"listitem\">\n\t\t\t\t\t<a class=\"elementor-icon elementor-social-icon elementor-social-icon- elementor-repeater-item-1dfe700\" href=\"https:\/\/sociosdabeleza.com\/\" target=\"_blank\">\n\t\t\t\t\t\t<span class=\"elementor-screen-only\"><\/span>\n\t\t\t\t\t\t<svg xmlns=\"http:\/\/www.w3.org\/2000\/svg\" xmlns:xlink=\"http:\/\/www.w3.org\/1999\/xlink\" id=\"Layer_1\" x=\"0px\" y=\"0px\" viewBox=\"0 0 80 80\" style=\"enable-background:new 0 0 80 80;\" xml:space=\"preserve\"><style type=\"text\/css\">\t.st0{fill:#FFFFFF;}\t.st1{fill-rule:evenodd;clip-rule:evenodd;fill:#701952;}<\/style><circle class=\"st0\" cx=\"40\" cy=\"40.2\" r=\"40\"><\/circle><path class=\"st1\" d=\"M40,14.63c-14.12,0-25.57,11.45-25.57,25.57S25.88,65.77,40,65.77c14.09,0,25.57-11.45,25.57-25.57 S54.09,14.63,40,14.63 M56.89,26.42c3.05,3.72,4.88,8.46,4.94,13.59c-0.72-0.14-7.93-1.61-15.2-0.69c-0.17-0.36-0.31-0.75-0.47-1.14 c-0.44-1.05-0.94-2.14-1.44-3.16C52.76,31.74,56.42,27.03,56.89,26.42 M40,18.4c5.55,0,10.62,2.08,14.48,5.49 c-0.39,0.55-3.69,4.96-11.45,7.88c-3.58-6.57-7.54-11.95-8.15-12.78C36.51,18.6,38.22,18.4,40,18.4 M30.71,20.46 c0.58,0.78,4.46,6.18,8.1,12.62c-10.21,2.72-19.22,2.66-20.19,2.66C20.03,28.97,24.61,23.34,30.71,20.46 M18.15,40.23v-0.67 c0.94,0.03,11.54,0.17,22.44-3.11c0.64,1.22,1.22,2.47,1.78,3.72c-0.28,0.08-0.58,0.17-0.86,0.25 c-11.26,3.63-17.25,13.56-17.75,14.39C20.28,50.96,18.15,45.83,18.15,40.23 M40,62.05c-5.05,0-9.71-1.72-13.39-4.6 c0.39-0.8,4.83-9.35,17.14-13.64c0.06-0.03,0.08-0.03,0.14-0.06c3.08,7.96,4.33,14.64,4.66,16.56C45.91,61.44,43.02,62.05,40,62.05  M52.17,58.31c-0.22-1.33-1.39-7.71-4.24-15.56c6.85-1.08,12.84,0.69,13.59,0.94C60.58,49.77,57.08,55.01,52.17,58.31\"><\/path><\/svg>\t\t\t\t\t<\/a>\n\t\t\t\t<\/span>\n\t\t\t\t\t\t\t<span class=\"elementor-grid-item\" role=\"listitem\">\n\t\t\t\t\t<a class=\"elementor-icon elementor-social-icon elementor-social-icon- elementor-repeater-item-c2ef2b9\" href=\"https:\/\/www.instagram.com\/sociosdabelezabr\/\" target=\"_blank\">\n\t\t\t\t\t\t<span class=\"elementor-screen-only\"><\/span>\n\t\t\t\t\t\t<svg xmlns=\"http:\/\/www.w3.org\/2000\/svg\" xmlns:xlink=\"http:\/\/www.w3.org\/1999\/xlink\" id=\"Layer_1\" x=\"0px\" y=\"0px\" viewBox=\"0 0 80 80\" style=\"enable-background:new 0 0 80 80;\" xml:space=\"preserve\"><style type=\"text\/css\">\t.st0{fill:#FFFFFF;}\t.st1{fill:#701952;}<\/style><circle class=\"st0\" cx=\"40\" cy=\"40.2\" r=\"40\"><\/circle><path class=\"st1\" d=\"M53.67,23.69c-1.66,0-3,1.34-3,3c0,1.66,1.34,3,3,3c1.66,0,3-1.34,3-3C56.67,25.04,55.32,23.69,53.67,23.69\"><\/path><path class=\"st1\" d=\"M40.33,27.54c-6.95,0-12.61,5.65-12.61,12.61c0,6.95,5.66,12.6,12.61,12.6s12.6-5.66,12.6-12.6 C52.93,33.2,47.28,27.54,40.33,27.54 M40.33,48.22c-4.45,0-8.08-3.62-8.08-8.07s3.62-8.08,8.08-8.08s8.07,3.62,8.07,8.08 S44.78,48.22,40.33,48.22\"><\/path><path class=\"st1\" d=\"M50.34,65.74H29.9c-8.48,0-15.37-6.9-15.37-15.37V29.93c0-8.48,6.9-15.37,15.37-15.37h20.44 c8.48,0,15.37,6.9,15.37,15.37v20.44C65.71,58.84,58.81,65.74,50.34,65.74 M29.9,19.37c-5.82,0-10.56,4.74-10.56,10.56v20.44 c0,5.82,4.74,10.56,10.56,10.56h20.44c5.82,0,10.56-4.74,10.56-10.56V29.93c0-5.82-4.74-10.56-10.56-10.56H29.9z\"><\/path><\/svg>\t\t\t\t\t<\/a>\n\t\t\t\t<\/span>\n\t\t\t\t\t\t\t<span class=\"elementor-grid-item\" role=\"listitem\">\n\t\t\t\t\t<a class=\"elementor-icon elementor-social-icon elementor-social-icon- elementor-repeater-item-244414b\" href=\"https:\/\/www.facebook.com\/sociosdabeleza\" target=\"_blank\">\n\t\t\t\t\t\t<span class=\"elementor-screen-only\"><\/span>\n\t\t\t\t\t\t<svg xmlns=\"http:\/\/www.w3.org\/2000\/svg\" xmlns:xlink=\"http:\/\/www.w3.org\/1999\/xlink\" id=\"Layer_1\" x=\"0px\" y=\"0px\" viewBox=\"0 0 80 80\" style=\"enable-background:new 0 0 80 80;\" xml:space=\"preserve\"><style type=\"text\/css\">\t.st0{fill:#FFFFFF;}\t.st1{fill:#701952;}<\/style><circle class=\"st0\" cx=\"40\" cy=\"40.2\" r=\"40\"><\/circle><path class=\"st1\" d=\"M44.44,65.74V43.35h7.47l1.42-9.26h-8.89v-6.01c0-2.54,1.24-5,5.22-5h4.04v-7.89c0,0-3.67-0.63-7.17-0.63 c-7.32,0-12.1,4.44-12.1,12.47v7.06h-8.14v9.26h8.14v22.39H44.44z\"><\/path><\/svg>\t\t\t\t\t<\/a>\n\t\t\t\t<\/span>\n\t\t\t\t\t<\/div>\n\t\t\t\t\t\t<\/div>\n\t\t\t\t<\/div>\n\t\t\t\t<\/div>\n\t\t\t\t\t<\/div>\n\t\t\t\t<\/div>\n\t\t\t\t<\/div>\n\t\t","protected":false},"excerpt":{"rendered":"<p>Seja um s\u00f3cio do Club de Vantagens S\u00f3cios da Beleza e desfrute das vantagens que o Club Oferece. Ao se associar ao Club, voc\u00ea tem descontos, participa de promo\u00e7\u00f5es e sorteios e ainda ganha cashbacks ao indicar novos s\u00f3cios.\u00a0\u00a0 Associe-se j\u00e1! Vantagens Uma rede de profissionais para lhe atender&nbsp; Produtos com pre\u00e7os exclusivos para S\u00f3cios. [&hellip;]<\/p>\n","protected":false},"author":1,"featured_media":0,"parent":0,"menu_order":0,"comment_status":"closed","ping_status":"closed","template":"elementor_canvas","meta":{"footnotes":""},"class_list":["post-11","page","type-page","status-publish","hentry"],"_links":{"self":[{"href":"https:\/\/sociosdabeleza.com\/socio\/wp-json\/wp\/v2\/pages\/11","targetHints":{"allow":["GET"]}}],"collection":[{"href":"https:\/\/sociosdabeleza.com\/socio\/wp-json\/wp\/v2\/pages"}],"about":[{"href":"https:\/\/sociosdabeleza.com\/socio\/wp-json\/wp\/v2\/types\/page"}],"author":[{"embeddable":true,"href":"https:\/\/sociosdabeleza.com\/socio\/wp-json\/wp\/v2\/users\/1"}],"replies":[{"embeddable":true,"href":"https:\/\/sociosdabeleza.com\/socio\/wp-json\/wp\/v2\/comments?post=11"}],"version-history":[{"count":74,"href":"https:\/\/sociosdabeleza.com\/socio\/wp-json\/wp\/v2\/pages\/11\/revisions"}],"predecessor-version":[{"id":162,"href":"https:\/\/sociosdabeleza.com\/socio\/wp-json\/wp\/v2\/pages\/11\/revisions\/162"}],"wp:attachment":[{"href":"https:\/\/sociosdabeleza.com\/socio\/wp-json\/wp\/v2\/media?parent=11"}],"curies":[{"name":"wp","href":"https:\/\/api.w.org\/{rel}","templated":true}]}}